{"id":8435,"date":"2022-02-10T12:56:39","date_gmt":"2022-02-10T12:56:39","guid":{"rendered":"https:\/\/musiktilraunir.is\/the-hotbox\/"},"modified":"2026-02-13T10:51:03","modified_gmt":"2026-02-13T10:51:03","slug":"the-hotbox","status":"publish","type":"page","link":"https:\/\/musiktilraunir.is\/en\/the-hotbox\/","title":{"rendered":"The Hotbox"},"content":{"rendered":"\t\t<div data-elementor-type=\"wp-page\" data-elementor-id=\"8435\" class=\"elementor elementor-8435 elementor-2654\" data-elementor-post-type=\"page\">\n\t\t\t\t\t\t<section class=\"elementor-section elementor-top-section elementor-element elementor-element-5a08f9fc elementor-section-boxed elementor-section-height-default elementor-section-height-default\" data-id=\"5a08f9fc\" data-element_type=\"section\" data-e-type=\"section\">\n\t\t\t\t\t\t<div class=\"elementor-container elementor-column-gap-default\">\n\t\t\t\t\t<div class=\"elementor-column elementor-col-100 elementor-top-column elementor-element elementor-element-1bd02015\" data-id=\"1bd02015\" data-element_type=\"column\" data-e-type=\"column\">\n\t\t\t<div class=\"elementor-widget-wrap elementor-element-populated\">\n\t\t\t\t\t\t<div class=\"elementor-element elementor-element-222ed12f elementor-invisible elementor-widget elementor-widget-heading\" data-id=\"222ed12f\" data-element_type=\"widget\" data-e-type=\"widget\" data-settings=\"{&quot;_animation_mobile&quot;:&quot;fadeInRight&quot;,&quot;_animation&quot;:&quot;fadeInRight&quot;}\" data-widget_type=\"heading.default\">\n\t\t\t\t<div class=\"elementor-widget-container\">\n\t\t\t\t\t<h1 class=\"elementor-heading-title elementor-size-default\">The Hotbox<\/h1>\t\t\t\t<\/div>\n\t\t\t\t<\/div>\n\t\t\t\t\t<\/div>\n\t\t<\/div>\n\t\t\t\t\t<\/div>\n\t\t<\/section>\n\t\t\t\t<section class=\"elementor-section elementor-top-section elementor-element elementor-element-7fcdf27 elementor-section-boxed elementor-section-height-default elementor-section-height-default\" data-id=\"7fcdf27\" data-element_type=\"section\" data-e-type=\"section\">\n\t\t\t\t\t\t<div class=\"elementor-container elementor-column-gap-default\">\n\t\t\t\t\t<div class=\"elementor-column elementor-col-100 elementor-top-column elementor-element elementor-element-73c789d\" data-id=\"73c789d\" data-element_type=\"column\" data-e-type=\"column\">\n\t\t\t<div class=\"elementor-widget-wrap elementor-element-populated\">\n\t\t\t\t\t\t<div class=\"elementor-element elementor-element-4183443 elementor-nav-menu--dropdown-tablet elementor-nav-menu__text-align-aside elementor-widget elementor-widget-global elementor-global-8421 elementor-global-2739 elementor-widget-nav-menu\" data-id=\"4183443\" data-element_type=\"widget\" data-e-type=\"widget\" data-settings=\"{&quot;layout&quot;:&quot;horizontal&quot;,&quot;submenu_icon&quot;:{&quot;value&quot;:&quot;fas fa-caret-down&quot;,&quot;library&quot;:&quot;fa-solid&quot;}}\" data-widget_type=\"nav-menu.default\">\n\t\t\t\t<div class=\"elementor-widget-container\">\n\t\t\t\t\t\t\t\t<nav aria-label=\"Menu\" class=\"elementor-nav-menu--main elementor-nav-menu__container elementor-nav-menu--layout-horizontal e--pointer-underline e--animation-fade\">\n\t\t\t\t<ul id=\"menu-1-4183443\" class=\"elementor-nav-menu\"><li class=\"menu-item menu-item-type-post_type menu-item-object-page menu-item-3537\"><a href=\"https:\/\/musiktilraunir.is\/um-okkur\/\" class=\"elementor-item\">About us<\/a><\/li>\n<li class=\"menu-item menu-item-type-post_type menu-item-object-page menu-item-2693\"><a href=\"https:\/\/musiktilraunir.is\/viltu-vera-med\/\" class=\"elementor-item\">Do You Want to Join?<\/a><\/li>\n<li class=\"menu-item menu-item-type-post_type menu-item-object-page menu-item-2701\"><a href=\"https:\/\/musiktilraunir.is\/reglur-og-markmid\/\" class=\"elementor-item\">Rules and objectives<\/a><\/li>\n<li class=\"menu-item menu-item-type-post_type menu-item-object-page menu-item-2699\"><a href=\"https:\/\/musiktilraunir.is\/verdlaun\/\" class=\"elementor-item\">Prizes<\/a><\/li>\n<li class=\"menu-item menu-item-type-post_type menu-item-object-page menu-item-2698\"><a href=\"https:\/\/musiktilraunir.is\/hitakassinn\/\" class=\"elementor-item\">The Hotbox<\/a><\/li>\n<li class=\"menu-item menu-item-type-post_type menu-item-object-page menu-item-2700\"><a href=\"https:\/\/musiktilraunir.is\/domnefnd\/\" class=\"elementor-item\">Judging Panel<\/a><\/li>\n<li class=\"menu-item menu-item-type-post_type menu-item-object-page menu-item-2702\"><a href=\"https:\/\/musiktilraunir.is\/bakhjarlar\/\" class=\"elementor-item\">Sponsors<\/a><\/li>\n<\/ul>\t\t\t<\/nav>\n\t\t\t\t\t\t<nav class=\"elementor-nav-menu--dropdown elementor-nav-menu__container\" aria-hidden=\"true\">\n\t\t\t\t<ul id=\"menu-2-4183443\" class=\"elementor-nav-menu\"><li class=\"menu-item menu-item-type-post_type menu-item-object-page menu-item-3537\"><a href=\"https:\/\/musiktilraunir.is\/um-okkur\/\" class=\"elementor-item\" tabindex=\"-1\">About us<\/a><\/li>\n<li class=\"menu-item menu-item-type-post_type menu-item-object-page menu-item-2693\"><a href=\"https:\/\/musiktilraunir.is\/viltu-vera-med\/\" class=\"elementor-item\" tabindex=\"-1\">Do You Want to Join?<\/a><\/li>\n<li class=\"menu-item menu-item-type-post_type menu-item-object-page menu-item-2701\"><a href=\"https:\/\/musiktilraunir.is\/reglur-og-markmid\/\" class=\"elementor-item\" tabindex=\"-1\">Rules and objectives<\/a><\/li>\n<li class=\"menu-item menu-item-type-post_type menu-item-object-page menu-item-2699\"><a href=\"https:\/\/musiktilraunir.is\/verdlaun\/\" class=\"elementor-item\" tabindex=\"-1\">Prizes<\/a><\/li>\n<li class=\"menu-item menu-item-type-post_type menu-item-object-page menu-item-2698\"><a href=\"https:\/\/musiktilraunir.is\/hitakassinn\/\" class=\"elementor-item\" tabindex=\"-1\">The Hotbox<\/a><\/li>\n<li class=\"menu-item menu-item-type-post_type menu-item-object-page menu-item-2700\"><a href=\"https:\/\/musiktilraunir.is\/domnefnd\/\" class=\"elementor-item\" tabindex=\"-1\">Judging Panel<\/a><\/li>\n<li class=\"menu-item menu-item-type-post_type menu-item-object-page menu-item-2702\"><a href=\"https:\/\/musiktilraunir.is\/bakhjarlar\/\" class=\"elementor-item\" tabindex=\"-1\">Sponsors<\/a><\/li>\n<\/ul>\t\t\t<\/nav>\n\t\t\t\t\t\t<\/div>\n\t\t\t\t<\/div>\n\t\t\t\t\t<\/div>\n\t\t<\/div>\n\t\t\t\t\t<\/div>\n\t\t<\/section>\n\t\t\t\t<section class=\"elementor-section elementor-top-section elementor-element elementor-element-2f853b85 elementor-section-boxed elementor-section-height-default elementor-section-height-default\" data-id=\"2f853b85\" data-element_type=\"section\" data-e-type=\"section\">\n\t\t\t\t\t\t<div class=\"elementor-container elementor-column-gap-default\">\n\t\t\t\t\t<div class=\"elementor-column elementor-col-100 elementor-top-column elementor-element elementor-element-74b7ad4\" data-id=\"74b7ad4\" data-element_type=\"column\" data-e-type=\"column\">\n\t\t\t<div class=\"elementor-widget-wrap elementor-element-populated\">\n\t\t\t\t\t\t<div class=\"elementor-element elementor-element-41ed7496 elementor-widget elementor-widget-text-editor\" data-id=\"41ed7496\" data-element_type=\"widget\" data-e-type=\"widget\" data-widget_type=\"text-editor.default\">\n\t\t\t\t<div class=\"elementor-widget-container\">\n\t\t\t\t\t\t\t\t\t<p style=\"margin: 0cm; background: white;\"><span lang=\"IS\" style=\"font-family: 'Arial',sans-serif; color: black;\">Reykjav\u00edk Music City, in partnership with Hitt H\u00fasi\u00f0 &#8211; Youth Center and the Iceland Music Office, invites representatives for the finals acts of IME 2026 to participate in a fun and practical course on the music industry after the competition has ended.<\/span><\/p>\t\t\t\t\t\t\t\t<\/div>\n\t\t\t\t<\/div>\n\t\t\t\t\t<\/div>\n\t\t<\/div>\n\t\t\t\t\t<\/div>\n\t\t<\/section>\n\t\t\t\t<section class=\"elementor-section elementor-top-section elementor-element elementor-element-5097a23a elementor-section-boxed elementor-section-height-default elementor-section-height-default\" data-id=\"5097a23a\" data-element_type=\"section\" data-e-type=\"section\">\n\t\t\t\t\t\t<div class=\"elementor-container elementor-column-gap-default\">\n\t\t\t\t\t<div class=\"elementor-column elementor-col-100 elementor-top-column elementor-element elementor-element-71d55f58\" data-id=\"71d55f58\" data-element_type=\"column\" data-e-type=\"column\">\n\t\t\t<div class=\"elementor-widget-wrap elementor-element-populated\">\n\t\t\t\t\t\t<div class=\"elementor-element elementor-element-2e509c8d elementor-widget elementor-widget-heading\" data-id=\"2e509c8d\" data-element_type=\"widget\" data-e-type=\"widget\" data-widget_type=\"heading.default\">\n\t\t\t\t<div class=\"elementor-widget-container\">\n\t\t\t\t\t<h2 class=\"elementor-heading-title elementor-size-default\">What is offered?<\/h2>\t\t\t\t<\/div>\n\t\t\t\t<\/div>\n\t\t\t\t\t<\/div>\n\t\t<\/div>\n\t\t\t\t\t<\/div>\n\t\t<\/section>\n\t\t\t\t<section class=\"elementor-section elementor-top-section elementor-element elementor-element-29486f06 elementor-section-boxed elementor-section-height-default elementor-section-height-default\" data-id=\"29486f06\" data-element_type=\"section\" data-e-type=\"section\">\n\t\t\t\t\t\t<div class=\"elementor-container elementor-column-gap-default\">\n\t\t\t\t\t<div class=\"elementor-column elementor-col-100 elementor-top-column elementor-element elementor-element-75c55eee\" data-id=\"75c55eee\" data-element_type=\"column\" data-e-type=\"column\">\n\t\t\t<div class=\"elementor-widget-wrap elementor-element-populated\">\n\t\t\t\t\t\t<div class=\"elementor-element elementor-element-393e8ba5 elementor-widget elementor-widget-text-editor\" data-id=\"393e8ba5\" data-element_type=\"widget\" data-e-type=\"widget\" data-widget_type=\"text-editor.default\">\n\t\t\t\t<div class=\"elementor-widget-container\">\n\t\t\t\t\t\t\t\t\t<p style=\"margin: 0cm; background: white;\"><span lang=\"IS\" style=\"font-family: 'Arial',sans-serif; color: black;\">The course is based on fun lectures, panel discussions, and practical projects and will cover all the main things musicians should know about the music industry.<\/span><\/p>\n<p style=\"margin: 0cm; background: white;\"><span lang=\"IS\" style=\"font-family: 'Arial',sans-serif; color: black;\">&nbsp;<\/span><\/p>\n<p style=\"margin: 0cm; background: white;\"><span lang=\"IS\" style=\"font-family: 'Arial',sans-serif; color: black;\">Participants receive help with marketing, promotion and creation of promotional packages, as well as help with defining their target audience, guidance for financing music projects, solving technical issues with professionals, and more. There is also a strong emphasis on enhancing participants&#8217; networks within the Icelandic music industry through well-known guest lecturers.<\/span><\/p>\n<p style=\"margin: 0cm; background: white;\"><span lang=\"IS\" style=\"font-family: 'Arial',sans-serif; color: black;\">&nbsp;<\/span><\/p>\n<p style=\"margin: 0cm; background: white;\"><span lang=\"IS\" style=\"font-family: 'Arial',sans-serif; color: black;\">After the course, there will be a concert where participants will have the chance to perform for key figures in the Icelandic music industry and apply what they learned in the course.<\/span><\/p>\n<p style=\"margin: 0cm; background: white;\"><span lang=\"IS\" style=\"font-family: 'Arial',sans-serif; color: black;\">&nbsp;<\/span><\/p>\n<p style=\"margin: 0cm; background: white;\"><span lang=\"IS\" style=\"font-family: 'Arial',sans-serif; color: black;\">The aim of the Hot Box program is to empower young musicians who are taking their first steps in the music industry by improving their knowledge and understanding of the industry. By providing them with the necessary tools and resources, the program seeks to equip participants to make informed decisions and develop their careers effectively.<\/span><\/p>\t\t\t\t\t\t\t\t<\/div>\n\t\t\t\t<\/div>\n\t\t\t\t\t<\/div>\n\t\t<\/div>\n\t\t\t\t\t<\/div>\n\t\t<\/section>\n\t\t\t\t<section class=\"elementor-section elementor-top-section elementor-element elementor-element-e71707 elementor-section-boxed elementor-section-height-default elementor-section-height-default\" data-id=\"e71707\" data-element_type=\"section\" data-e-type=\"section\">\n\t\t\t\t\t\t<div class=\"elementor-container elementor-column-gap-default\">\n\t\t\t\t\t<div class=\"elementor-column elementor-col-100 elementor-top-column elementor-element elementor-element-635c9db2\" data-id=\"635c9db2\" data-element_type=\"column\" data-e-type=\"column\">\n\t\t\t<div class=\"elementor-widget-wrap elementor-element-populated\">\n\t\t\t\t\t\t\t<\/div>\n\t\t<\/div>\n\t\t\t\t\t<\/div>\n\t\t<\/section>\n\t\t\t\t<section class=\"elementor-section elementor-top-section elementor-element elementor-element-eba406c elementor-section-boxed elementor-section-height-default elementor-section-height-default\" data-id=\"eba406c\" data-element_type=\"section\" data-e-type=\"section\">\n\t\t\t\t\t\t<div class=\"elementor-container elementor-column-gap-default\">\n\t\t\t\t\t<div class=\"elementor-column elementor-col-100 elementor-top-column elementor-element elementor-element-79cc8c0e\" data-id=\"79cc8c0e\" data-element_type=\"column\" data-e-type=\"column\">\n\t\t\t<div class=\"elementor-widget-wrap elementor-element-populated\">\n\t\t\t\t\t\t\t<\/div>\n\t\t<\/div>\n\t\t\t\t\t<\/div>\n\t\t<\/section>\n\t\t\t\t<\/div>\n\t\t","protected":false},"excerpt":{"rendered":"<p>The Hotbox Reykjav\u00edk Music City, in partnership with Hitt H\u00fasi\u00f0 &#8211; Youth Center and the Iceland Music Office, invites representatives for the finals acts of IME 2026 to participate in a fun and practical course on the music industry after the competition has ended. What is offered? The course is based on fun lectures, panel [&hellip;]<\/p>\n","protected":false},"author":4,"featured_media":0,"parent":0,"menu_order":0,"comment_status":"closed","ping_status":"closed","template":"elementor_header_footer","meta":{"_acf_changed":false,"footnotes":""},"class_list":["post-8435","page","type-page","status-publish","hentry"],"acf":[],"_links":{"self":[{"href":"https:\/\/musiktilraunir.is\/en\/wp-json\/wp\/v2\/pages\/8435","targetHints":{"allow":["GET"]}}],"collection":[{"href":"https:\/\/musiktilraunir.is\/en\/wp-json\/wp\/v2\/pages"}],"about":[{"href":"https:\/\/musiktilraunir.is\/en\/wp-json\/wp\/v2\/types\/page"}],"author":[{"embeddable":true,"href":"https:\/\/musiktilraunir.is\/en\/wp-json\/wp\/v2\/users\/4"}],"replies":[{"embeddable":true,"href":"https:\/\/musiktilraunir.is\/en\/wp-json\/wp\/v2\/comments?post=8435"}],"version-history":[{"count":11,"href":"https:\/\/musiktilraunir.is\/en\/wp-json\/wp\/v2\/pages\/8435\/revisions"}],"predecessor-version":[{"id":10106,"href":"https:\/\/musiktilraunir.is\/en\/wp-json\/wp\/v2\/pages\/8435\/revisions\/10106"}],"wp:attachment":[{"href":"https:\/\/musiktilraunir.is\/en\/wp-json\/wp\/v2\/media?parent=8435"}],"curies":[{"name":"wp","href":"https:\/\/api.w.org\/{rel}","templated":true}]}}