{"id":8427,"date":"2022-02-10T13:00:56","date_gmt":"2022-02-10T13:00:56","guid":{"rendered":"https:\/\/musiktilraunir.is\/judging-panel\/"},"modified":"2026-02-13T10:53:16","modified_gmt":"2026-02-13T10:53:16","slug":"judging-panel","status":"publish","type":"page","link":"https:\/\/musiktilraunir.is\/en\/judging-panel\/","title":{"rendered":"Judging Panel"},"content":{"rendered":"\t\t<div data-elementor-type=\"wp-page\" data-elementor-id=\"8427\" class=\"elementor elementor-8427 elementor-2672\" data-elementor-post-type=\"page\">\n\t\t\t\t\t\t<section class=\"elementor-section elementor-top-section elementor-element elementor-element-4cfc4104 elementor-section-boxed elementor-section-height-default elementor-section-height-default\" data-id=\"4cfc4104\" data-element_type=\"section\" data-e-type=\"section\">\n\t\t\t\t\t\t<div class=\"elementor-container elementor-column-gap-default\">\n\t\t\t\t\t<div class=\"elementor-column elementor-col-100 elementor-top-column elementor-element elementor-element-5f03112f\" data-id=\"5f03112f\" data-element_type=\"column\" data-e-type=\"column\">\n\t\t\t<div class=\"elementor-widget-wrap elementor-element-populated\">\n\t\t\t\t\t\t<div class=\"elementor-element elementor-element-9be6ea5 elementor-invisible elementor-widget elementor-widget-heading\" data-id=\"9be6ea5\" data-element_type=\"widget\" data-e-type=\"widget\" data-settings=\"{&quot;_animation&quot;:&quot;fadeInRight&quot;}\" data-widget_type=\"heading.default\">\n\t\t\t\t<div class=\"elementor-widget-container\">\n\t\t\t\t\t<h1 class=\"elementor-heading-title elementor-size-default\">Judging Panel<\/h1>\t\t\t\t<\/div>\n\t\t\t\t<\/div>\n\t\t\t\t\t<\/div>\n\t\t<\/div>\n\t\t\t\t\t<\/div>\n\t\t<\/section>\n\t\t\t\t<section class=\"elementor-section elementor-top-section elementor-element elementor-element-7dfb37e elementor-section-boxed elementor-section-height-default elementor-section-height-default\" data-id=\"7dfb37e\" data-element_type=\"section\" data-e-type=\"section\">\n\t\t\t\t\t\t<div class=\"elementor-container elementor-column-gap-default\">\n\t\t\t\t\t<div class=\"elementor-column elementor-col-100 elementor-top-column elementor-element elementor-element-8f72449\" data-id=\"8f72449\" data-element_type=\"column\" data-e-type=\"column\">\n\t\t\t<div class=\"elementor-widget-wrap elementor-element-populated\">\n\t\t\t\t\t\t<div class=\"elementor-element elementor-element-d50920c elementor-nav-menu--dropdown-tablet elementor-nav-menu__text-align-aside elementor-widget elementor-widget-global elementor-global-8421 elementor-global-2739 elementor-widget-nav-menu\" data-id=\"d50920c\" data-element_type=\"widget\" data-e-type=\"widget\" data-settings=\"{&quot;layout&quot;:&quot;horizontal&quot;,&quot;submenu_icon&quot;:{&quot;value&quot;:&quot;fas fa-caret-down&quot;,&quot;library&quot;:&quot;fa-solid&quot;}}\" data-widget_type=\"nav-menu.default\">\n\t\t\t\t<div class=\"elementor-widget-container\">\n\t\t\t\t\t\t\t\t<nav aria-label=\"Menu\" class=\"elementor-nav-menu--main elementor-nav-menu__container elementor-nav-menu--layout-horizontal e--pointer-underline e--animation-fade\">\n\t\t\t\t<ul id=\"menu-1-d50920c\" class=\"elementor-nav-menu\"><li class=\"menu-item menu-item-type-post_type menu-item-object-page menu-item-3537\"><a href=\"https:\/\/musiktilraunir.is\/um-okkur\/\" class=\"elementor-item\">About us<\/a><\/li>\n<li class=\"menu-item menu-item-type-post_type menu-item-object-page menu-item-2693\"><a href=\"https:\/\/musiktilraunir.is\/viltu-vera-med\/\" class=\"elementor-item\">Do You Want to Join?<\/a><\/li>\n<li class=\"menu-item menu-item-type-post_type menu-item-object-page menu-item-2701\"><a href=\"https:\/\/musiktilraunir.is\/reglur-og-markmid\/\" class=\"elementor-item\">Rules and objectives<\/a><\/li>\n<li class=\"menu-item menu-item-type-post_type menu-item-object-page menu-item-2699\"><a href=\"https:\/\/musiktilraunir.is\/verdlaun\/\" class=\"elementor-item\">Prizes<\/a><\/li>\n<li class=\"menu-item menu-item-type-post_type menu-item-object-page menu-item-2698\"><a href=\"https:\/\/musiktilraunir.is\/hitakassinn\/\" class=\"elementor-item\">The Hotbox<\/a><\/li>\n<li class=\"menu-item menu-item-type-post_type menu-item-object-page menu-item-2700\"><a href=\"https:\/\/musiktilraunir.is\/domnefnd\/\" class=\"elementor-item\">Judging Panel<\/a><\/li>\n<li class=\"menu-item menu-item-type-post_type menu-item-object-page menu-item-2702\"><a href=\"https:\/\/musiktilraunir.is\/bakhjarlar\/\" class=\"elementor-item\">Sponsors<\/a><\/li>\n<\/ul>\t\t\t<\/nav>\n\t\t\t\t\t\t<nav class=\"elementor-nav-menu--dropdown elementor-nav-menu__container\" aria-hidden=\"true\">\n\t\t\t\t<ul id=\"menu-2-d50920c\" class=\"elementor-nav-menu\"><li class=\"menu-item menu-item-type-post_type menu-item-object-page menu-item-3537\"><a href=\"https:\/\/musiktilraunir.is\/um-okkur\/\" class=\"elementor-item\" tabindex=\"-1\">About us<\/a><\/li>\n<li class=\"menu-item menu-item-type-post_type menu-item-object-page menu-item-2693\"><a href=\"https:\/\/musiktilraunir.is\/viltu-vera-med\/\" class=\"elementor-item\" tabindex=\"-1\">Do You Want to Join?<\/a><\/li>\n<li class=\"menu-item menu-item-type-post_type menu-item-object-page menu-item-2701\"><a href=\"https:\/\/musiktilraunir.is\/reglur-og-markmid\/\" class=\"elementor-item\" tabindex=\"-1\">Rules and objectives<\/a><\/li>\n<li class=\"menu-item menu-item-type-post_type menu-item-object-page menu-item-2699\"><a href=\"https:\/\/musiktilraunir.is\/verdlaun\/\" class=\"elementor-item\" tabindex=\"-1\">Prizes<\/a><\/li>\n<li class=\"menu-item menu-item-type-post_type menu-item-object-page menu-item-2698\"><a href=\"https:\/\/musiktilraunir.is\/hitakassinn\/\" class=\"elementor-item\" tabindex=\"-1\">The Hotbox<\/a><\/li>\n<li class=\"menu-item menu-item-type-post_type menu-item-object-page menu-item-2700\"><a href=\"https:\/\/musiktilraunir.is\/domnefnd\/\" class=\"elementor-item\" tabindex=\"-1\">Judging Panel<\/a><\/li>\n<li class=\"menu-item menu-item-type-post_type menu-item-object-page menu-item-2702\"><a href=\"https:\/\/musiktilraunir.is\/bakhjarlar\/\" class=\"elementor-item\" tabindex=\"-1\">Sponsors<\/a><\/li>\n<\/ul>\t\t\t<\/nav>\n\t\t\t\t\t\t<\/div>\n\t\t\t\t<\/div>\n\t\t\t\t\t<\/div>\n\t\t<\/div>\n\t\t\t\t\t<\/div>\n\t\t<\/section>\n\t\t\t\t<section class=\"elementor-section elementor-top-section elementor-element elementor-element-43080e43 elementor-section-boxed elementor-section-height-default elementor-section-height-default\" data-id=\"43080e43\" data-element_type=\"section\" data-e-type=\"section\">\n\t\t\t\t\t\t<div class=\"elementor-container elementor-column-gap-default\">\n\t\t\t\t\t<div class=\"elementor-column elementor-col-100 elementor-top-column elementor-element elementor-element-5e8f8a34\" data-id=\"5e8f8a34\" data-element_type=\"column\" data-e-type=\"column\">\n\t\t\t<div class=\"elementor-widget-wrap elementor-element-populated\">\n\t\t\t\t\t\t<div class=\"elementor-element elementor-element-4387b24e elementor-widget elementor-widget-text-editor\" data-id=\"4387b24e\" data-element_type=\"widget\" data-e-type=\"widget\" data-widget_type=\"text-editor.default\">\n\t\t\t\t<div class=\"elementor-widget-container\">\n\t\t\t\t\t\t\t\t\t<p style=\"margin: 0cm; background: white;\"><span lang=\"IS\" style=\"font-family: 'Arial',sans-serif; color: black;\">The 2026 judging panel consists of seven highly experienced music industry veterans.<\/span><\/p><p style=\"margin: 0cm; background: white;\"><span lang=\"IS\" style=\"font-family: 'Arial',sans-serif; color: black;\">After the semi-finals, the judging panel can choose other bands to continue to the finals. They will be announced on the IME website after the four nights of the semi-finals and the band will be notified by telephone.<\/span><\/p><p style=\"margin: 0cm; background: white;\"><span lang=\"IS\" style=\"font-family: 'Arial',sans-serif; color: black;\">\u00a0<\/span><\/p><p style=\"margin: 0cm; background: white;\"><span lang=\"IS\" style=\"font-family: 'Arial',sans-serif; color: black;\">\u00c1rni Matth\u00edasson \u2013 chair<br \/>Arnar Eggert Thoroddsen<br \/>Hildur Gu\u00f0n\u00fd \u00de\u00f3rhallsd\u00f3ttir<br \/>Hildur Krist\u00edn Stef\u00e1nsd\u00f3ttir<br \/>Hrafnkell \u00d6rn Gu\u00f0j\u00f3nsson<br \/>Kristj\u00e1n Kristj\u00e1nsson<br \/>S\u00f3ley Stef\u00e1nsd\u00f3ttir<\/span><\/p><p style=\"margin: 0cm; background: white;\"><span lang=\"IS\" style=\"font-family: 'Arial',sans-serif; color: black;\">\u00a0<\/span><\/p><p style=\"margin: 0cm; background: white;\">\u00a0<\/p>\t\t\t\t\t\t\t\t<\/div>\n\t\t\t\t<\/div>\n\t\t\t\t\t<\/div>\n\t\t<\/div>\n\t\t\t\t\t<\/div>\n\t\t<\/section>\n\t\t\t\t<section class=\"elementor-section elementor-top-section elementor-element elementor-element-02dadfa elementor-section-boxed elementor-section-height-default elementor-section-height-default\" data-id=\"02dadfa\" data-element_type=\"section\" data-e-type=\"section\">\n\t\t\t\t\t\t<div class=\"elementor-container elementor-column-gap-default\">\n\t\t\t\t\t<div class=\"elementor-column elementor-col-100 elementor-top-column elementor-element elementor-element-568f8f8\" data-id=\"568f8f8\" data-element_type=\"column\" data-e-type=\"column\">\n\t\t\t<div class=\"elementor-widget-wrap elementor-element-populated\">\n\t\t\t\t\t\t<div class=\"elementor-element elementor-element-d5a3d1e elementor-widget elementor-widget-spacer\" data-id=\"d5a3d1e\" data-element_type=\"widget\" data-e-type=\"widget\" data-widget_type=\"spacer.default\">\n\t\t\t\t<div class=\"elementor-widget-container\">\n\t\t\t\t\t\t\t<div class=\"elementor-spacer\">\n\t\t\t<div class=\"elementor-spacer-inner\"><\/div>\n\t\t<\/div>\n\t\t\t\t\t\t<\/div>\n\t\t\t\t<\/div>\n\t\t\t\t\t<\/div>\n\t\t<\/div>\n\t\t\t\t\t<\/div>\n\t\t<\/section>\n\t\t\t\t<\/div>\n\t\t","protected":false},"excerpt":{"rendered":"<p>Judging Panel The 2026 judging panel consists of seven highly experienced music industry veterans. After the semi-finals, the judging panel can choose other bands to continue to the finals. They will be announced on the IME website after the four nights of the semi-finals and the band will be notified by telephone. \u00a0 \u00c1rni Matth\u00edasson [&hellip;]<\/p>\n","protected":false},"author":4,"featured_media":0,"parent":0,"menu_order":0,"comment_status":"closed","ping_status":"closed","template":"elementor_header_footer","meta":{"_acf_changed":false,"footnotes":""},"class_list":["post-8427","page","type-page","status-publish","hentry"],"acf":[],"_links":{"self":[{"href":"https:\/\/musiktilraunir.is\/en\/wp-json\/wp\/v2\/pages\/8427","targetHints":{"allow":["GET"]}}],"collection":[{"href":"https:\/\/musiktilraunir.is\/en\/wp-json\/wp\/v2\/pages"}],"about":[{"href":"https:\/\/musiktilraunir.is\/en\/wp-json\/wp\/v2\/types\/page"}],"author":[{"embeddable":true,"href":"https:\/\/musiktilraunir.is\/en\/wp-json\/wp\/v2\/users\/4"}],"replies":[{"embeddable":true,"href":"https:\/\/musiktilraunir.is\/en\/wp-json\/wp\/v2\/comments?post=8427"}],"version-history":[{"count":11,"href":"https:\/\/musiktilraunir.is\/en\/wp-json\/wp\/v2\/pages\/8427\/revisions"}],"predecessor-version":[{"id":10109,"href":"https:\/\/musiktilraunir.is\/en\/wp-json\/wp\/v2\/pages\/8427\/revisions\/10109"}],"wp:attachment":[{"href":"https:\/\/musiktilraunir.is\/en\/wp-json\/wp\/v2\/media?parent=8427"}],"curies":[{"name":"wp","href":"https:\/\/api.w.org\/{rel}","templated":true}]}}