{"id":8423,"date":"2022-02-10T13:11:24","date_gmt":"2022-02-10T13:11:24","guid":{"rendered":"https:\/\/musiktilraunir.is\/sponsors\/"},"modified":"2026-02-13T10:54:43","modified_gmt":"2026-02-13T10:54:43","slug":"sponsors","status":"publish","type":"page","link":"https:\/\/musiktilraunir.is\/en\/sponsors\/","title":{"rendered":"Sponsors"},"content":{"rendered":"\t\t<div data-elementor-type=\"wp-page\" data-elementor-id=\"8423\" class=\"elementor elementor-8423 elementor-2684\" data-elementor-post-type=\"page\">\n\t\t\t\t\t\t<section class=\"elementor-section elementor-top-section elementor-element elementor-element-4132fcaf elementor-section-boxed elementor-section-height-default elementor-section-height-default\" data-id=\"4132fcaf\" data-element_type=\"section\" data-e-type=\"section\">\n\t\t\t\t\t\t<div class=\"elementor-container elementor-column-gap-default\">\n\t\t\t\t\t<div class=\"elementor-column elementor-col-100 elementor-top-column elementor-element elementor-element-28afb131\" data-id=\"28afb131\" data-element_type=\"column\" data-e-type=\"column\">\n\t\t\t<div class=\"elementor-widget-wrap elementor-element-populated\">\n\t\t\t\t\t\t<div class=\"elementor-element elementor-element-69f70481 elementor-invisible elementor-widget elementor-widget-heading\" data-id=\"69f70481\" data-element_type=\"widget\" data-e-type=\"widget\" data-settings=\"{&quot;_animation&quot;:&quot;fadeInRight&quot;}\" data-widget_type=\"heading.default\">\n\t\t\t\t<div class=\"elementor-widget-container\">\n\t\t\t\t\t<h1 class=\"elementor-heading-title elementor-size-default\">Sponsors<\/h1>\t\t\t\t<\/div>\n\t\t\t\t<\/div>\n\t\t\t\t\t<\/div>\n\t\t<\/div>\n\t\t\t\t\t<\/div>\n\t\t<\/section>\n\t\t\t\t<section class=\"elementor-section elementor-top-section elementor-element elementor-element-e4956e2 elementor-section-boxed elementor-section-height-default elementor-section-height-default\" data-id=\"e4956e2\" data-element_type=\"section\" data-e-type=\"section\">\n\t\t\t\t\t\t<div class=\"elementor-container elementor-column-gap-default\">\n\t\t\t\t\t<div class=\"elementor-column elementor-col-100 elementor-top-column elementor-element elementor-element-a2defee\" data-id=\"a2defee\" data-element_type=\"column\" data-e-type=\"column\">\n\t\t\t<div class=\"elementor-widget-wrap elementor-element-populated\">\n\t\t\t\t\t\t<div class=\"elementor-element elementor-element-da00183 elementor-nav-menu--dropdown-tablet elementor-nav-menu__text-align-aside elementor-widget elementor-widget-global elementor-global-8421 elementor-global-2739 elementor-widget-nav-menu\" data-id=\"da00183\" data-element_type=\"widget\" data-e-type=\"widget\" data-settings=\"{&quot;layout&quot;:&quot;horizontal&quot;,&quot;submenu_icon&quot;:{&quot;value&quot;:&quot;fas fa-caret-down&quot;,&quot;library&quot;:&quot;fa-solid&quot;}}\" data-widget_type=\"nav-menu.default\">\n\t\t\t\t<div class=\"elementor-widget-container\">\n\t\t\t\t\t\t\t\t<nav aria-label=\"Menu\" class=\"elementor-nav-menu--main elementor-nav-menu__container elementor-nav-menu--layout-horizontal e--pointer-underline e--animation-fade\">\n\t\t\t\t<ul id=\"menu-1-da00183\" class=\"elementor-nav-menu\"><li class=\"menu-item menu-item-type-post_type menu-item-object-page menu-item-3537\"><a href=\"https:\/\/musiktilraunir.is\/um-okkur\/\" class=\"elementor-item\">About us<\/a><\/li>\n<li class=\"menu-item menu-item-type-post_type menu-item-object-page menu-item-2693\"><a href=\"https:\/\/musiktilraunir.is\/viltu-vera-med\/\" class=\"elementor-item\">Do You Want to Join?<\/a><\/li>\n<li class=\"menu-item menu-item-type-post_type menu-item-object-page menu-item-2701\"><a href=\"https:\/\/musiktilraunir.is\/reglur-og-markmid\/\" class=\"elementor-item\">Rules and objectives<\/a><\/li>\n<li class=\"menu-item menu-item-type-post_type menu-item-object-page menu-item-2699\"><a href=\"https:\/\/musiktilraunir.is\/verdlaun\/\" class=\"elementor-item\">Prizes<\/a><\/li>\n<li class=\"menu-item menu-item-type-post_type menu-item-object-page menu-item-2698\"><a href=\"https:\/\/musiktilraunir.is\/hitakassinn\/\" class=\"elementor-item\">The Hotbox<\/a><\/li>\n<li class=\"menu-item menu-item-type-post_type menu-item-object-page menu-item-2700\"><a href=\"https:\/\/musiktilraunir.is\/domnefnd\/\" class=\"elementor-item\">Judging Panel<\/a><\/li>\n<li class=\"menu-item menu-item-type-post_type menu-item-object-page menu-item-2702\"><a href=\"https:\/\/musiktilraunir.is\/bakhjarlar\/\" class=\"elementor-item\">Sponsors<\/a><\/li>\n<\/ul>\t\t\t<\/nav>\n\t\t\t\t\t\t<nav class=\"elementor-nav-menu--dropdown elementor-nav-menu__container\" aria-hidden=\"true\">\n\t\t\t\t<ul id=\"menu-2-da00183\" class=\"elementor-nav-menu\"><li class=\"menu-item menu-item-type-post_type menu-item-object-page menu-item-3537\"><a href=\"https:\/\/musiktilraunir.is\/um-okkur\/\" class=\"elementor-item\" tabindex=\"-1\">About us<\/a><\/li>\n<li class=\"menu-item menu-item-type-post_type menu-item-object-page menu-item-2693\"><a href=\"https:\/\/musiktilraunir.is\/viltu-vera-med\/\" class=\"elementor-item\" tabindex=\"-1\">Do You Want to Join?<\/a><\/li>\n<li class=\"menu-item menu-item-type-post_type menu-item-object-page menu-item-2701\"><a href=\"https:\/\/musiktilraunir.is\/reglur-og-markmid\/\" class=\"elementor-item\" tabindex=\"-1\">Rules and objectives<\/a><\/li>\n<li class=\"menu-item menu-item-type-post_type menu-item-object-page menu-item-2699\"><a href=\"https:\/\/musiktilraunir.is\/verdlaun\/\" class=\"elementor-item\" tabindex=\"-1\">Prizes<\/a><\/li>\n<li class=\"menu-item menu-item-type-post_type menu-item-object-page menu-item-2698\"><a href=\"https:\/\/musiktilraunir.is\/hitakassinn\/\" class=\"elementor-item\" tabindex=\"-1\">The Hotbox<\/a><\/li>\n<li class=\"menu-item menu-item-type-post_type menu-item-object-page menu-item-2700\"><a href=\"https:\/\/musiktilraunir.is\/domnefnd\/\" class=\"elementor-item\" tabindex=\"-1\">Judging Panel<\/a><\/li>\n<li class=\"menu-item menu-item-type-post_type menu-item-object-page menu-item-2702\"><a href=\"https:\/\/musiktilraunir.is\/bakhjarlar\/\" class=\"elementor-item\" tabindex=\"-1\">Sponsors<\/a><\/li>\n<\/ul>\t\t\t<\/nav>\n\t\t\t\t\t\t<\/div>\n\t\t\t\t<\/div>\n\t\t\t\t<div class=\"elementor-element elementor-element-2ce3613 elementor-widget elementor-widget-heading\" data-id=\"2ce3613\" data-element_type=\"widget\" data-e-type=\"widget\" data-widget_type=\"heading.default\">\n\t\t\t\t<div class=\"elementor-widget-container\">\n\t\t\t\t\t<h2 class=\"elementor-heading-title elementor-size-default\">The Music Experiments would be impossible without our sponsors. We would like to thank the following:<\/h2>\t\t\t\t<\/div>\n\t\t\t\t<\/div>\n\t\t\t\t\t<\/div>\n\t\t<\/div>\n\t\t\t\t\t<\/div>\n\t\t<\/section>\n\t\t\t\t<section class=\"elementor-section elementor-top-section elementor-element elementor-element-5438aaa9 elementor-section-boxed elementor-section-height-default elementor-section-height-default\" data-id=\"5438aaa9\" data-element_type=\"section\" data-e-type=\"section\">\n\t\t\t\t\t\t<div class=\"elementor-container elementor-column-gap-default\">\n\t\t\t\t\t<div class=\"elementor-column elementor-col-100 elementor-top-column elementor-element elementor-element-67d398b0\" data-id=\"67d398b0\" data-element_type=\"column\" data-e-type=\"column\">\n\t\t\t<div class=\"elementor-widget-wrap elementor-element-populated\">\n\t\t\t\t\t\t<div class=\"elementor-element elementor-element-1bd24867 elementor-widget elementor-widget-text-editor\" data-id=\"1bd24867\" data-element_type=\"widget\" data-e-type=\"widget\" data-widget_type=\"text-editor.default\">\n\t\t\t\t<div class=\"elementor-widget-container\">\n\t\t\t\t\t\t\t\t\t<p style=\"margin: 0cm; background: white;\"><b><span lang=\"IS\" style=\"font-family: 'Arial',sans-serif; color: black;\">The Pillars of the Music Experiments:<\/span><\/b><\/p><ul><li style=\"background: white;\"><span lang=\"IS\" style=\"font-family: 'Arial',sans-serif; color: black;\">Icelandair<\/span><\/li><li style=\"background: white;\"><span lang=\"IS\" style=\"font-family: 'Arial',sans-serif; color: black;\">R\u00e1s 2<\/span><\/li><li style=\"background: white;\"><span lang=\"IS\" style=\"font-family: 'Arial',sans-serif; color: black;\">City of Reykjav\u00edk<\/span><\/li><li style=\"background: white;\"><span lang=\"IS\" style=\"font-family: 'Arial',sans-serif; color: black;\">Hitt H\u00fasi\u00f0 &#8211; Youth Centre<\/span><\/li><li style=\"background: white;\"><span lang=\"IS\" style=\"font-family: 'Arial',sans-serif; color: black;\">The Icelandic Musicians\u2019 Union (F\u00cdH)<\/span><\/li><li style=\"background: white;\"><span lang=\"IS\" style=\"font-family: 'Arial',sans-serif; color: black;\">\u00ddlir \u2013 Harpa Music Fund<\/span><\/li><li style=\"background: white;\"><span lang=\"IS\" style=\"font-family: 'Arial',sans-serif; color: black;\">Harpa<\/span><\/li><\/ul><p style=\"margin: 0cm; background: white;\"><span lang=\"IS\" style=\"font-family: 'Arial',sans-serif; color: black;\">\u00a0<\/span><\/p><p style=\"margin: 0cm; background: white;\"><b><span lang=\"IS\" style=\"font-family: 'Arial',sans-serif; color: black;\">Sponsors:<\/span><\/b><\/p><ul><li style=\"background: white;\"><span lang=\"IS\" style=\"font-family: 'Arial',sans-serif; color: black;\">Sundlaugin Studio<\/span><\/li><li style=\"background: white;\"><span lang=\"IS\" style=\"font-family: 'Arial',sans-serif; color: black;\">Kaiku Sound<\/span><\/li><li style=\"background: white;\"><span lang=\"IS\" style=\"font-family: 'Arial',sans-serif; color: black;\">Stage Europe Network<\/span><\/li><li style=\"background: white;\"><span lang=\"IS\" style=\"font-family: 'Arial',sans-serif; color: black;\">Aldrei f\u00f3r \u00e9g su\u00f0ur<\/span><\/li><li style=\"background: white;\"><span lang=\"IS\" style=\"font-family: 'Arial',sans-serif; color: black;\">Iceland Airwaves<\/span><\/li><li style=\"background: white;\"><span lang=\"IS\" style=\"font-family: 'Arial',sans-serif; color: black;\">12 T\u00f3nar<\/span><\/li><li style=\"background: white;\"><span lang=\"IS\" style=\"font-family: 'Arial',sans-serif; color: black;\">T\u00f3nast\u00f6\u00f0in<\/span><\/li><li style=\"background: white;\"><span lang=\"IS\" style=\"font-family: 'Arial',sans-serif; color: black;\">Hlj\u00f3\u00f0f\u00e6rah\u00fasi\u00f0<\/span><\/li><li style=\"background: white;\"><span lang=\"IS\" style=\"font-family: 'Arial',sans-serif; color: black;\">Forlagi\u00f0 Publishing House<\/span><\/li><li style=\"background: white;\"><span lang=\"IS\" style=\"font-family: 'Arial',sans-serif; color: black;\">FTT &#8211; The Icelandic Society of Authors and Composers<\/span><\/li><\/ul>\t\t\t\t\t\t\t\t<\/div>\n\t\t\t\t<\/div>\n\t\t\t\t\t<\/div>\n\t\t<\/div>\n\t\t\t\t\t<\/div>\n\t\t<\/section>\n\t\t\t\t<section class=\"elementor-section elementor-top-section elementor-element elementor-element-4bd05173 elementor-section-boxed elementor-section-height-default elementor-section-height-default\" data-id=\"4bd05173\" data-element_type=\"section\" data-e-type=\"section\">\n\t\t\t\t\t\t<div class=\"elementor-container elementor-column-gap-default\">\n\t\t\t\t\t<div class=\"elementor-column elementor-col-100 elementor-top-column elementor-element elementor-element-5c7dd12\" data-id=\"5c7dd12\" data-element_type=\"column\" data-e-type=\"column\">\n\t\t\t<div class=\"elementor-widget-wrap elementor-element-populated\">\n\t\t\t\t\t\t\t<\/div>\n\t\t<\/div>\n\t\t\t\t\t<\/div>\n\t\t<\/section>\n\t\t\t\t<\/div>\n\t\t","protected":false},"excerpt":{"rendered":"<p>Sponsors The Music Experiments would be impossible without our sponsors. We would like to thank the following: The Pillars of the Music Experiments: Icelandair R\u00e1s 2 City of Reykjav\u00edk Hitt H\u00fasi\u00f0 &#8211; Youth Centre The Icelandic Musicians\u2019 Union (F\u00cdH) \u00ddlir \u2013 Harpa Music Fund Harpa \u00a0 Sponsors: Sundlaugin Studio Kaiku Sound Stage Europe Network Aldrei [&hellip;]<\/p>\n","protected":false},"author":4,"featured_media":0,"parent":0,"menu_order":0,"comment_status":"closed","ping_status":"closed","template":"elementor_header_footer","meta":{"_acf_changed":false,"footnotes":""},"class_list":["post-8423","page","type-page","status-publish","hentry"],"acf":[],"_links":{"self":[{"href":"https:\/\/musiktilraunir.is\/en\/wp-json\/wp\/v2\/pages\/8423","targetHints":{"allow":["GET"]}}],"collection":[{"href":"https:\/\/musiktilraunir.is\/en\/wp-json\/wp\/v2\/pages"}],"about":[{"href":"https:\/\/musiktilraunir.is\/en\/wp-json\/wp\/v2\/types\/page"}],"author":[{"embeddable":true,"href":"https:\/\/musiktilraunir.is\/en\/wp-json\/wp\/v2\/users\/4"}],"replies":[{"embeddable":true,"href":"https:\/\/musiktilraunir.is\/en\/wp-json\/wp\/v2\/comments?post=8423"}],"version-history":[{"count":14,"href":"https:\/\/musiktilraunir.is\/en\/wp-json\/wp\/v2\/pages\/8423\/revisions"}],"predecessor-version":[{"id":10112,"href":"https:\/\/musiktilraunir.is\/en\/wp-json\/wp\/v2\/pages\/8423\/revisions\/10112"}],"wp:attachment":[{"href":"https:\/\/musiktilraunir.is\/en\/wp-json\/wp\/v2\/media?parent=8423"}],"curies":[{"name":"wp","href":"https:\/\/api.w.org\/{rel}","templated":true}]}}