{"id":8202,"date":"2024-02-01T12:41:57","date_gmt":"2024-02-01T12:41:57","guid":{"rendered":"https:\/\/musiktilraunir.is\/winners-since-the-start\/"},"modified":"2026-02-13T10:37:24","modified_gmt":"2026-02-13T10:37:24","slug":"winners-since-the-start","status":"publish","type":"page","link":"https:\/\/musiktilraunir.is\/en\/winners-since-the-start\/","title":{"rendered":"Winners since the start"},"content":{"rendered":"\t\t<div data-elementor-type=\"wp-page\" data-elementor-id=\"8202\" class=\"elementor elementor-8202 elementor-7117\" data-elementor-post-type=\"page\">\n\t\t\t\t\t\t<section class=\"elementor-section elementor-top-section elementor-element elementor-element-f2cf2f0 elementor-section-boxed elementor-section-height-default elementor-section-height-default\" data-id=\"f2cf2f0\" data-element_type=\"section\" data-e-type=\"section\">\n\t\t\t\t\t\t<div class=\"elementor-container elementor-column-gap-default\">\n\t\t\t\t\t<div class=\"elementor-column elementor-col-100 elementor-top-column elementor-element elementor-element-804cd4c\" data-id=\"804cd4c\" data-element_type=\"column\" data-e-type=\"column\">\n\t\t\t<div class=\"elementor-widget-wrap elementor-element-populated\">\n\t\t\t\t\t\t<div class=\"elementor-element elementor-element-5641111 elementor-invisible elementor-widget elementor-widget-heading\" data-id=\"5641111\" data-element_type=\"widget\" data-e-type=\"widget\" data-settings=\"{&quot;_animation&quot;:&quot;fadeInRight&quot;,&quot;_animation_mobile&quot;:&quot;slideInRight&quot;}\" data-widget_type=\"heading.default\">\n\t\t\t\t<div class=\"elementor-widget-container\">\n\t\t\t\t\t<h1 class=\"elementor-heading-title elementor-size-default\">winners since the start<\/h1>\t\t\t\t<\/div>\n\t\t\t\t<\/div>\n\t\t\t\t<div class=\"elementor-element elementor-element-fa2bcae elementor-nav-menu--dropdown-tablet elementor-nav-menu__text-align-aside elementor-widget elementor-widget-nav-menu\" data-id=\"fa2bcae\" data-element_type=\"widget\" data-e-type=\"widget\" data-settings=\"{&quot;layout&quot;:&quot;horizontal&quot;,&quot;submenu_icon&quot;:{&quot;value&quot;:&quot;&lt;i class=\\&quot;fas fa-caret-down\\&quot; aria-hidden=\\&quot;true\\&quot;&gt;&lt;\\\/i&gt;&quot;,&quot;library&quot;:&quot;fa-solid&quot;}}\" data-widget_type=\"nav-menu.default\">\n\t\t\t\t<div class=\"elementor-widget-container\">\n\t\t\t\t\t\t\t\t<nav aria-label=\"Menu\" class=\"elementor-nav-menu--main elementor-nav-menu__container elementor-nav-menu--layout-horizontal e--pointer-underline e--animation-fade\">\n\t\t\t\t<ul id=\"menu-1-fa2bcae\" class=\"elementor-nav-menu\"><li class=\"menu-item menu-item-type-post_type menu-item-object-page menu-item-3759\"><a href=\"https:\/\/musiktilraunir.is\/saga-musiktilrauna\/\" class=\"elementor-item\">History<\/a><\/li>\n<li class=\"menu-item menu-item-type-post_type menu-item-object-page menu-item-3786\"><a href=\"https:\/\/musiktilraunir.is\/i-gegnum-tidina\/\" class=\"elementor-item\">Through the Years<\/a><\/li>\n<li class=\"menu-item menu-item-type-post_type menu-item-object-page menu-item-7129\"><a href=\"https:\/\/musiktilraunir.is\/sigurvegarar-fra-upphafi\/\" class=\"elementor-item\">Winners since the start<\/a><\/li>\n<\/ul>\t\t\t<\/nav>\n\t\t\t\t\t\t<nav class=\"elementor-nav-menu--dropdown elementor-nav-menu__container\" aria-hidden=\"true\">\n\t\t\t\t<ul id=\"menu-2-fa2bcae\" class=\"elementor-nav-menu\"><li class=\"menu-item menu-item-type-post_type menu-item-object-page menu-item-3759\"><a href=\"https:\/\/musiktilraunir.is\/saga-musiktilrauna\/\" class=\"elementor-item\" tabindex=\"-1\">History<\/a><\/li>\n<li class=\"menu-item menu-item-type-post_type menu-item-object-page menu-item-3786\"><a href=\"https:\/\/musiktilraunir.is\/i-gegnum-tidina\/\" class=\"elementor-item\" tabindex=\"-1\">Through the Years<\/a><\/li>\n<li class=\"menu-item menu-item-type-post_type menu-item-object-page menu-item-7129\"><a href=\"https:\/\/musiktilraunir.is\/sigurvegarar-fra-upphafi\/\" class=\"elementor-item\" tabindex=\"-1\">Winners since the start<\/a><\/li>\n<\/ul>\t\t\t<\/nav>\n\t\t\t\t\t\t<\/div>\n\t\t\t\t<\/div>\n\t\t\t\t\t<\/div>\n\t\t<\/div>\n\t\t\t\t\t<\/div>\n\t\t<\/section>\n\t\t\t\t<section class=\"elementor-section elementor-top-section elementor-element elementor-element-e11541c elementor-section-boxed elementor-section-height-default elementor-section-height-default\" data-id=\"e11541c\" data-element_type=\"section\" data-e-type=\"section\">\n\t\t\t\t\t\t<div class=\"elementor-container elementor-column-gap-default\">\n\t\t\t\t\t<div class=\"elementor-column elementor-col-100 elementor-top-column elementor-element elementor-element-8180e05\" data-id=\"8180e05\" data-element_type=\"column\" data-e-type=\"column\">\n\t\t\t<div class=\"elementor-widget-wrap elementor-element-populated\">\n\t\t\t\t\t\t<div class=\"elementor-element elementor-element-4806878 elementor-widget elementor-widget-text-editor\" data-id=\"4806878\" data-element_type=\"widget\" data-e-type=\"widget\" data-widget_type=\"text-editor.default\">\n\t\t\t\t<div class=\"elementor-widget-container\">\n\t\t\t\t\t\t\t\t\t<p class=\"p1\">1982 \u2013 Dron<\/p><p class=\"p1\">1983 \u2013 D\u00fakkul\u00edsurnar<\/p><p class=\"p1\">1984 \u2013 Teacher\u2019s Strike, No Competition<\/p><p class=\"p1\">1985 \u2013 Gipsy<\/p><p class=\"p1\">1986 \u2013 Greifarnir<\/p><p class=\"p1\">1987 \u2013 Stu\u00f0kompan\u00edi\u00f0<\/p><p class=\"p1\">1988 \u2013 J\u00f3j\u00f3<\/p><p class=\"p1\">1989 \u2013 Laglausir<\/p><p class=\"p1\">1990 \u2013 Nabblastrengir (Umbilical Cords)<\/p><p class=\"p1\">1991 \u2013 Infusoria (Sororicide)<\/p><p class=\"p1\">1992 \u2013 Kolrassa Kr\u00f3kr\u00ed\u00f0andi (Bellatrix)<\/p><p class=\"p1\">1993 \u2013 Yukatan<\/p><p class=\"p1\">1994 \u2013 Maus<\/p><p class=\"p1\">1995 \u2013 Botnle\u00f0ja (Silt)<\/p><p class=\"p1\">1996 \u2013 Stj\u00f6rnukisi<\/p><p class=\"p1\">1997 \u2013 So\u00f0in Fi\u00f0la<\/p><p class=\"p1\">1998 \u2013 St\u00e6ner<\/p><p class=\"p1\">1999 \u2013 M\u00ednus<\/p><p class=\"p1\">2000 \u2013 XXX Rottweiler hundar<\/p><p class=\"p1\">2001 \u2013 Andl\u00e1t<\/p><p class=\"p1\">2002 \u2013 B\u00fadr\u00fdgindi<\/p><p class=\"p1\">2003 \u2013 D\u00e1\u00f0adrengir<\/p><p class=\"p1\">2004 \u2013 Mamm\u00fat<\/p><p class=\"p1\"><span class=\"s1\">2005<\/span>\u00a0\u2013 Jakob\u00ednar\u00edna<\/p><p class=\"p1\"><span class=\"s1\">2006<\/span>\u00a0\u2013 The Foreign Monkeys<\/p><p class=\"p1\"><span class=\"s1\">2007<\/span>\u00a0\u2013 Shogun<\/p><p class=\"p1\"><span class=\"s1\">2008<\/span>\u00a0\u2013 Agent Fresco<\/p><p class=\"p1\">2009 \u2013 Br\u00f3\u00f0ir Svart\u00falfs<\/p><p class=\"p1\">2010 \u2013 Of Monster and Men<\/p><p class=\"p1\">2011 \u2013 Samaris<\/p><p class=\"p1\">2012 \u2013 RetRoBot<\/p><p class=\"p1\">2013 \u2013 V\u00f6k<\/p><p class=\"p1\">2014 \u2013 Vio<\/p><p class=\"p1\">2015 \u2013 Rythmatik<\/p><p class=\"p1\">2016 \u2013 Horm\u00f3nar<\/p><p class=\"p1\">2017 \u2013 Between Mountains<\/p><p class=\"p1\">2018 \u2013 Ateria<\/p><p class=\"p1\">2019 \u2013 Bl\u00f3\u00f0m\u00f6r<\/p><p class=\"p1\">2020 \u2013 Covid 19, No Contest<\/p><p class=\"p1\">2021 \u2013 \u00d3lafur Kram<\/p><p class=\"p1\">2022 \u2013 KUSK<\/p><p class=\"p1\">2023 \u2013 F\u00f3kus\u00a0<\/p><p>2024 \u2013 Vamp\u00edra<\/p><p>2025 \u2013 Ge\u00f0brig\u00f0i<\/p>\t\t\t\t\t\t\t\t<\/div>\n\t\t\t\t<\/div>\n\t\t\t\t\t<\/div>\n\t\t<\/div>\n\t\t\t\t\t<\/div>\n\t\t<\/section>\n\t\t\t\t<\/div>\n\t\t","protected":false},"excerpt":{"rendered":"<p>winners since the start 1982 \u2013 Dron 1983 \u2013 D\u00fakkul\u00edsurnar 1984 \u2013 Teacher\u2019s Strike, No Competition 1985 \u2013 Gipsy 1986 \u2013 Greifarnir 1987 \u2013 Stu\u00f0kompan\u00edi\u00f0 1988 \u2013 J\u00f3j\u00f3 1989 \u2013 Laglausir 1990 \u2013 Nabblastrengir (Umbilical Cords) 1991 \u2013 Infusoria (Sororicide) 1992 \u2013 Kolrassa Kr\u00f3kr\u00ed\u00f0andi (Bellatrix) 1993 \u2013 Yukatan 1994 \u2013 Maus 1995 \u2013 Botnle\u00f0ja (Silt) [&hellip;]<\/p>\n","protected":false},"author":4,"featured_media":0,"parent":0,"menu_order":0,"comment_status":"closed","ping_status":"closed","template":"","meta":{"_acf_changed":false,"footnotes":""},"class_list":["post-8202","page","type-page","status-publish","hentry"],"acf":[],"_links":{"self":[{"href":"https:\/\/musiktilraunir.is\/en\/wp-json\/wp\/v2\/pages\/8202","targetHints":{"allow":["GET"]}}],"collection":[{"href":"https:\/\/musiktilraunir.is\/en\/wp-json\/wp\/v2\/pages"}],"about":[{"href":"https:\/\/musiktilraunir.is\/en\/wp-json\/wp\/v2\/types\/page"}],"author":[{"embeddable":true,"href":"https:\/\/musiktilraunir.is\/en\/wp-json\/wp\/v2\/users\/4"}],"replies":[{"embeddable":true,"href":"https:\/\/musiktilraunir.is\/en\/wp-json\/wp\/v2\/comments?post=8202"}],"version-history":[{"count":7,"href":"https:\/\/musiktilraunir.is\/en\/wp-json\/wp\/v2\/pages\/8202\/revisions"}],"predecessor-version":[{"id":10091,"href":"https:\/\/musiktilraunir.is\/en\/wp-json\/wp\/v2\/pages\/8202\/revisions\/10091"}],"wp:attachment":[{"href":"https:\/\/musiktilraunir.is\/en\/wp-json\/wp\/v2\/media?parent=8202"}],"curies":[{"name":"wp","href":"https:\/\/api.w.org\/{rel}","templated":true}]}}